{"id":122,"date":"2015-07-13T20:24:14","date_gmt":"2015-07-13T18:24:14","guid":{"rendered":"http:\/\/www.lauterbacher-musikschule.de\/?page_id=122"},"modified":"2015-07-14T15:35:33","modified_gmt":"2015-07-14T13:35:33","slug":"annette-schulz","status":"publish","type":"page","link":"https:\/\/www.lauterbacher-musikschule.de\/?page_id=122","title":{"rendered":"Annette Schulz"},"content":{"rendered":"<p><a href=\"http:\/\/www.lauterbacher-musikschule.de\/wp-content\/uploads\/2015\/07\/Schulz.jpg\"><img loading=\"lazy\" decoding=\"async\" class=\" size-medium wp-image-123 alignright\" src=\"http:\/\/www.lauterbacher-musikschule.de\/wp-content\/uploads\/2015\/07\/Schulz-219x300.jpg\" alt=\"Schulz\" width=\"219\" height=\"300\" srcset=\"https:\/\/www.lauterbacher-musikschule.de\/wp-content\/uploads\/2015\/07\/Schulz-219x300.jpg 219w, https:\/\/www.lauterbacher-musikschule.de\/wp-content\/uploads\/2015\/07\/Schulz-746x1024.jpg 746w, https:\/\/www.lauterbacher-musikschule.de\/wp-content\/uploads\/2015\/07\/Schulz.jpg 800w\" sizes=\"auto, (max-width: 219px) 100vw, 219px\" \/><\/a><\/p>\n<p><b>Ausbildung<\/b><\/p>\n<ul>\n<li>Musikhochschulen Hannover und Frankfurt in Rhythmik und Klavier<\/li>\n<li>zweij\u00e4hrige berufsbegleitende Ausbildung als Chorleiterin<\/li>\n<\/ul>\n<p><b>Praxis<\/b><\/p>\n<ul>\n<li>in verschiedenen Kleinformationen: Klavier- Gesang, Klavier- Klarinette\/ Saxophon bei Festen, Hochzeiten und anderen Anl\u00e4ssen<\/li>\n<li>gr\u00fcndete vor f\u00fcnf\u00a0Jahren die Lauterbacher Jazzcombo mit Kollegen und Freunden<\/li>\n<\/ul>\n<p><b>Unterricht<\/b><\/p>\n<ul>\n<li>Klavier<\/li>\n<li>leitet drei\u00a0Ch\u00f6re<\/li>\n<li>arbeitete jahrelang im Schulleitungsteam der st\u00e4dtischen Musikschule<\/li>\n<li>Anstellung beim Land Hessen als Dozentin innerhalb der Fachschule f\u00fcr Sozialp\u00e4dagogik<\/li>\n<li>Seit 2014 arbeitet sie als Dozentin f\u00fcr schulpraktisches Klavierspiel an der Universit\u00e4t Gie\u00dfen.<\/li>\n<\/ul>\n<p>Annette Schulz ist seit 2014 als stellvertretende Schulleiterin der Lauterbacher Musikschule t\u00e4tig.<\/p>\n\n<ul class=\"nav nav-tabs sc_tabs kt-tabs kt-sc-tabs kt-tabs-style1\"><li class=\"active\"><a href=\"#sctab47190\">Zitat<\/a><\/li>\n<li class=\"\"><a href=\"#sctab47191\">Musik<\/a><\/li><\/ul> <div class=\"tab-content kt-tab-content postclass\"><div class=\"tab-pane clearfix active\" id=\"sctab47190\">\n<span style=\"color: #333399;\"><strong>Die Musik hat von allen K\u00fcnsten den tiefsten Einfluss auf das Gem\u00fct. Ein Gesetzgeber sollte sie deshalb am meisten unterst\u00fctzen. (Napoleon I.)<\/strong><\/span><br \/>\n<\/div>\n<div class=\"tab-pane clearfix \" id=\"sctab47191\">\n<span style=\"color: #333399;\"><strong>Claude Debussy,\u00a0Johann Sebastian Bach, John Pattituci<\/strong><\/span><br \/>\n<\/div><\/div>\n\n<p>&nbsp;<\/p>\n","protected":false},"excerpt":{"rendered":"<p>Ausbildung Musikhochschulen Hannover und Frankfurt in Rhythmik und Klavier zweij\u00e4hrige berufsbegleitende Ausbildung als Chorleiterin Praxis in verschiedenen Kleinformationen: Klavier- Gesang, Klavier- Klarinette\/ Saxophon bei Festen, Hochzeiten und anderen Anl\u00e4ssen gr\u00fcndete vor f\u00fcnf\u00a0Jahren die Lauterbacher Jazzcombo mit Kollegen und Freunden Unterricht &hellip; <a href=\"https:\/\/www.lauterbacher-musikschule.de\/?page_id=122\">Weiter<\/a><\/p>\n","protected":false},"author":1,"featured_media":123,"parent":32,"menu_order":0,"comment_status":"closed","ping_status":"open","template":"","meta":{"kt_blocks_editor_width":"","footnotes":""},"class_list":["post-122","page","type-page","status-publish","has-post-thumbnail","hentry"],"_links":{"self":[{"href":"https:\/\/www.lauterbacher-musikschule.de\/index.php?rest_route=\/wp\/v2\/pages\/122","targetHints":{"allow":["GET"]}}],"collection":[{"href":"https:\/\/www.lauterbacher-musikschule.de\/index.php?rest_route=\/wp\/v2\/pages"}],"about":[{"href":"https:\/\/www.lauterbacher-musikschule.de\/index.php?rest_route=\/wp\/v2\/types\/page"}],"author":[{"embeddable":true,"href":"https:\/\/www.lauterbacher-musikschule.de\/index.php?rest_route=\/wp\/v2\/users\/1"}],"replies":[{"embeddable":true,"href":"https:\/\/www.lauterbacher-musikschule.de\/index.php?rest_route=%2Fwp%2Fv2%2Fcomments&post=122"}],"version-history":[{"count":10,"href":"https:\/\/www.lauterbacher-musikschule.de\/index.php?rest_route=\/wp\/v2\/pages\/122\/revisions"}],"predecessor-version":[{"id":163,"href":"https:\/\/www.lauterbacher-musikschule.de\/index.php?rest_route=\/wp\/v2\/pages\/122\/revisions\/163"}],"up":[{"embeddable":true,"href":"https:\/\/www.lauterbacher-musikschule.de\/index.php?rest_route=\/wp\/v2\/pages\/32"}],"wp:featuredmedia":[{"embeddable":true,"href":"https:\/\/www.lauterbacher-musikschule.de\/index.php?rest_route=\/wp\/v2\/media\/123"}],"wp:attachment":[{"href":"https:\/\/www.lauterbacher-musikschule.de\/index.php?rest_route=%2Fwp%2Fv2%2Fmedia&parent=122"}],"curies":[{"name":"wp","href":"https:\/\/api.w.org\/{rel}","templated":true}]}}