{"id":134,"date":"2015-07-14T11:33:11","date_gmt":"2015-07-14T09:33:11","guid":{"rendered":"http:\/\/www.lauterbacher-musikschule.de\/?page_id=134"},"modified":"2015-07-14T15:36:07","modified_gmt":"2015-07-14T13:36:07","slug":"berthold-moeller","status":"publish","type":"page","link":"https:\/\/www.lauterbacher-musikschule.de\/?page_id=134","title":{"rendered":"Berthold M\u00f6ller"},"content":{"rendered":"<p><a href=\"http:\/\/www.lauterbacher-musikschule.de\/wp-content\/uploads\/2015\/07\/berthold-k.jpg\"><img loading=\"lazy\" decoding=\"async\" class=\" size-medium wp-image-139 alignright\" src=\"http:\/\/www.lauterbacher-musikschule.de\/wp-content\/uploads\/2015\/07\/berthold-k-300x200.jpg\" alt=\"berthold-k\" width=\"300\" height=\"200\" srcset=\"https:\/\/www.lauterbacher-musikschule.de\/wp-content\/uploads\/2015\/07\/berthold-k-300x200.jpg 300w, https:\/\/www.lauterbacher-musikschule.de\/wp-content\/uploads\/2015\/07\/berthold-k-1024x682.jpg 1024w, https:\/\/www.lauterbacher-musikschule.de\/wp-content\/uploads\/2015\/07\/berthold-k.jpg 1280w\" sizes=\"auto, (max-width: 300px) 100vw, 300px\" \/><\/a><\/p>\n<p><b>Ausbildung<\/b><\/p>\n<p>Berthold M\u00f6ller studierte Schlagzeug am Drummers Collective, New York und bei Joe Morello (Dave Brubeck Quartett).<\/p>\n<p><b>Unterricht<\/b><\/p>\n<p>Im Unterricht liegt Berthold M\u00f6llers Schwerpunkt auf dem Drumset und der Snaredrum. Er vermittelt die technischen, rhythmischen und motorischen Grundlagen zur Beherrschung dieser Instrumente genauso wie die f\u00fcr das Schlagzeug wichtigen Stilistiken. \u00dcber seine T\u00e4tigkeit an der Lauterbacher Musikschule e.V. hinaus unterrichtet M\u00f6ller an der Universit\u00e4t Gie\u00dfen und an der Musikschule Obertshausen e.V..<\/p>\n<p>Von 1994 bis 2010 war er Lehrer an der Musikschule der Kreisstadt Lauterbach.<\/p>\n<p><b>Praxis<\/b><\/p>\n<p>Aufgrund seiner musikalischen Vielseitigkeit und seiner stilistischen Bandbreite ist Berthold M\u00f6ller ein in vielen Ensembles und Gruppen t\u00e4tiger Schlagzeuger: Er spielt unter anderem bei Produktionen an den Staatstheatern Wiesbaden und Darmstadt; seine weiteren, vorwiegend jazzorientierten Aktivit\u00e4ten mit namhaften Gruppen des Frankfurter Raumes, wie dem Quartett Jazz 4.0, dem Mark Schwarzmayr Trio und der Band Kolamaya, umfassen CD-Aufnahmen und bundesweite Konzerte. Zudem ist Berthold M\u00f6ller Workshop-Autor f\u00fcr das auflagenst\u00e4rkste deutschsprachige Schlagzeugmagazin \u201eDrumHeads!!\u201c. In dieser Fachzeitschrift sind seine Beitr\u00e4ge nicht nur zu lesen, sondern auch in Form von ihm eingespielter Tonbeispiele auf CD zu\u00a0 h\u00f6ren.<\/p>\n\n<ul class=\"nav nav-tabs sc_tabs kt-tabs kt-sc-tabs kt-tabs-style1\"><li class=\"active\"><a href=\"#sctab15490\">Zitat<\/a><\/li>\n<li class=\"\"><a href=\"#sctab15491\">Musik<\/a><\/li>\n<li class=\"\"><a href=\"#sctab15492\">Links<\/a><\/li><\/ul> <div class=\"tab-content kt-tab-content postclass\"><div class=\"tab-pane clearfix active\" id=\"sctab15490\">\n<p><span style=\"color: #333399;\"><b>What we play is life.\u00a0<\/b><b>(Louis Armstrong)<\/b><\/span><br \/>\n<\/div>\n<div class=\"tab-pane clearfix \" id=\"sctab15491\">\n<p><span style=\"color: #333399;\"><strong>Tony Williams, Keith Jarrett Trio, The Headhunters<\/strong><\/span><br \/>\n<\/div>\n<div class=\"tab-pane clearfix \" id=\"sctab15492\">\n<p><span style=\"color: #333399;\"><strong><a style=\"color: #333399;\" href=\"http:\/\/www.bertholdmoeller.de\">www.bertholdmoeller.de<\/a><\/strong><\/span><\/p>\n<p><span style=\"color: #333399;\"><strong><a style=\"color: #333399;\" href=\"http:\/\/www.myspace.com\/bertholdmoeller\">www.myspace.com\/bertholdmoeller<\/a><\/strong><\/span><\/p>\n<\/div><\/div>\n\n","protected":false},"excerpt":{"rendered":"<p>Ausbildung Berthold M\u00f6ller studierte Schlagzeug am Drummers Collective, New York und bei Joe Morello (Dave Brubeck Quartett). Unterricht Im Unterricht liegt Berthold M\u00f6llers Schwerpunkt auf dem Drumset und der Snaredrum. Er vermittelt die technischen, rhythmischen und motorischen Grundlagen zur Beherrschung &hellip; <a href=\"https:\/\/www.lauterbacher-musikschule.de\/?page_id=134\">Weiter<\/a><\/p>\n","protected":false},"author":1,"featured_media":139,"parent":32,"menu_order":0,"comment_status":"closed","ping_status":"open","template":"","meta":{"kt_blocks_editor_width":"","footnotes":""},"class_list":["post-134","page","type-page","status-publish","has-post-thumbnail","hentry"],"_links":{"self":[{"href":"https:\/\/www.lauterbacher-musikschule.de\/index.php?rest_route=\/wp\/v2\/pages\/134","targetHints":{"allow":["GET"]}}],"collection":[{"href":"https:\/\/www.lauterbacher-musikschule.de\/index.php?rest_route=\/wp\/v2\/pages"}],"about":[{"href":"https:\/\/www.lauterbacher-musikschule.de\/index.php?rest_route=\/wp\/v2\/types\/page"}],"author":[{"embeddable":true,"href":"https:\/\/www.lauterbacher-musikschule.de\/index.php?rest_route=\/wp\/v2\/users\/1"}],"replies":[{"embeddable":true,"href":"https:\/\/www.lauterbacher-musikschule.de\/index.php?rest_route=%2Fwp%2Fv2%2Fcomments&post=134"}],"version-history":[{"count":7,"href":"https:\/\/www.lauterbacher-musikschule.de\/index.php?rest_route=\/wp\/v2\/pages\/134\/revisions"}],"predecessor-version":[{"id":160,"href":"https:\/\/www.lauterbacher-musikschule.de\/index.php?rest_route=\/wp\/v2\/pages\/134\/revisions\/160"}],"up":[{"embeddable":true,"href":"https:\/\/www.lauterbacher-musikschule.de\/index.php?rest_route=\/wp\/v2\/pages\/32"}],"wp:featuredmedia":[{"embeddable":true,"href":"https:\/\/www.lauterbacher-musikschule.de\/index.php?rest_route=\/wp\/v2\/media\/139"}],"wp:attachment":[{"href":"https:\/\/www.lauterbacher-musikschule.de\/index.php?rest_route=%2Fwp%2Fv2%2Fmedia&parent=134"}],"curies":[{"name":"wp","href":"https:\/\/api.w.org\/{rel}","templated":true}]}}