{"id":155,"date":"2015-07-14T15:01:24","date_gmt":"2015-07-14T13:01:24","guid":{"rendered":"http:\/\/www.lauterbacher-musikschule.de\/?page_id=155"},"modified":"2020-04-16T09:47:58","modified_gmt":"2020-04-16T07:47:58","slug":"ute-kroenung","status":"publish","type":"page","link":"https:\/\/www.lauterbacher-musikschule.de\/?page_id=155","title":{"rendered":"Ute Kr\u00f6nung &#8211; Klarinette, Saxophon"},"content":{"rendered":"\n<div class=\"wp-block-group\"><div class=\"wp-block-group__inner-container is-layout-flow wp-block-group-is-layout-flow\">\n<div class=\"wp-block-image is-style-default\"><figure class=\"alignleft size-large is-resized\"><img loading=\"lazy\" decoding=\"async\" src=\"http:\/\/www.lauterbacher-musikschule.de\/wp-content\/uploads\/2016\/11\/Ute-050-gedreht-Kopie-681x1024.jpg\" alt=\"\" class=\"wp-image-531\" width=\"277\" height=\"416\" srcset=\"https:\/\/www.lauterbacher-musikschule.de\/wp-content\/uploads\/2016\/11\/Ute-050-gedreht-Kopie-681x1024.jpg 681w, https:\/\/www.lauterbacher-musikschule.de\/wp-content\/uploads\/2016\/11\/Ute-050-gedreht-Kopie-199x300.jpg 199w, https:\/\/www.lauterbacher-musikschule.de\/wp-content\/uploads\/2016\/11\/Ute-050-gedreht-Kopie-768x1155.jpg 768w, https:\/\/www.lauterbacher-musikschule.de\/wp-content\/uploads\/2016\/11\/Ute-050-gedreht-Kopie.jpg 851w\" sizes=\"auto, (max-width: 277px) 100vw, 277px\" \/><figcaption><span class=\"media-credit\"><a href=\"https:\/\/www.lauterbacher-musikschule.de\/?author=1\">admin<\/a> | Lauterbacher Musikschule<\/span> Ute Kr\u00f6nung<\/figcaption><\/figure><\/div>\n<\/div><\/div>\n\n\n\n<p class=\"has-drop-cap\">Ute Kr\u00f6nung unterrichtet seit vielen Jahren in Lauterbach Klarinette und Saxophon. Sie arbeitete bereits f\u00fcr die Musikschule der Stadt Lauterbach und geh\u00f6rt von Anfang zum Lehrerteam der Lauterbacher Musikschule. Ute Kr\u00f6nung studierte Deutsch, Englisch und Musikp\u00e4dagogik in W\u00fcrzburg. Sie erhielt Unterricht in Blockfl\u00f6te, Klarinette, Saxophon, Gitarre, Oboe, klassischer Gesang sowie Jazzgesang. Sie spielte in der Bigband der Musikhochschule und sang im Chor der Universit\u00e4t W\u00fcrzburg sowie im Jazzchor der Musikhochschule.<\/p>\n\n\n\n<p>Ute Kr\u00f6nung unterrichtet an der ffortissimo music school, der Lauterbacher Musikschule, der Musikschule des Landkreises Fulda, der Musikschule der Stadt Fulda sowie am Freiherr-vom-Stein Gymnasium Fulda.<\/p>\n\n\n\n<p>Sie spielt im Blasorchesters Neuhof, dem Auswahlorchester des Kreis- und Stadtmusikverbandes Fulda (Walter Ratzek), dem Symphonische Orchester Fulda, dem Playful Ensemble, der Backstage Bigband, dem Main-Kinzig-Orchester, dem Savoy Ballroom Orchestra, der Drum &amp; Pipe Band \u201cTarge of Gordon\u201d, bei Sax&amp;more sowie als Aushilfe bei vielen weiteren Orchestern, Ch\u00f6ren und Musikvereinen der Region.<\/p>\n\n\n\n<p><\/p>\n\n\n\n<p><\/p>\n\n\n\n<p><\/p>\n\n\n\n<div class=\"wp-block-group\"><div class=\"wp-block-group__inner-container is-layout-flow wp-block-group-is-layout-flow\">\n<p><\/p>\n<\/div><\/div>\n","protected":false},"excerpt":{"rendered":"<p>Ute Kr\u00f6nung unterrichtet seit vielen Jahren in Lauterbach Klarinette und Saxophon. Sie arbeitete bereits f\u00fcr die Musikschule der Stadt Lauterbach und geh\u00f6rt von Anfang zum Lehrerteam der Lauterbacher Musikschule. Ute Kr\u00f6nung studierte Deutsch, Englisch und Musikp\u00e4dagogik in W\u00fcrzburg. Sie erhielt &hellip; <a href=\"https:\/\/www.lauterbacher-musikschule.de\/?page_id=155\">Weiter<\/a><\/p>\n","protected":false},"author":1,"featured_media":154,"parent":32,"menu_order":0,"comment_status":"closed","ping_status":"open","template":"","meta":{"kt_blocks_editor_width":"","footnotes":""},"class_list":["post-155","page","type-page","status-publish","has-post-thumbnail","hentry"],"_links":{"self":[{"href":"https:\/\/www.lauterbacher-musikschule.de\/index.php?rest_route=\/wp\/v2\/pages\/155","targetHints":{"allow":["GET"]}}],"collection":[{"href":"https:\/\/www.lauterbacher-musikschule.de\/index.php?rest_route=\/wp\/v2\/pages"}],"about":[{"href":"https:\/\/www.lauterbacher-musikschule.de\/index.php?rest_route=\/wp\/v2\/types\/page"}],"author":[{"embeddable":true,"href":"https:\/\/www.lauterbacher-musikschule.de\/index.php?rest_route=\/wp\/v2\/users\/1"}],"replies":[{"embeddable":true,"href":"https:\/\/www.lauterbacher-musikschule.de\/index.php?rest_route=%2Fwp%2Fv2%2Fcomments&post=155"}],"version-history":[{"count":10,"href":"https:\/\/www.lauterbacher-musikschule.de\/index.php?rest_route=\/wp\/v2\/pages\/155\/revisions"}],"predecessor-version":[{"id":2061,"href":"https:\/\/www.lauterbacher-musikschule.de\/index.php?rest_route=\/wp\/v2\/pages\/155\/revisions\/2061"}],"up":[{"embeddable":true,"href":"https:\/\/www.lauterbacher-musikschule.de\/index.php?rest_route=\/wp\/v2\/pages\/32"}],"wp:featuredmedia":[{"embeddable":true,"href":"https:\/\/www.lauterbacher-musikschule.de\/index.php?rest_route=\/wp\/v2\/media\/154"}],"wp:attachment":[{"href":"https:\/\/www.lauterbacher-musikschule.de\/index.php?rest_route=%2Fwp%2Fv2%2Fmedia&parent=155"}],"curies":[{"name":"wp","href":"https:\/\/api.w.org\/{rel}","templated":true}]}}