{"id":170,"date":"2015-07-14T15:45:31","date_gmt":"2015-07-14T13:45:31","guid":{"rendered":"http:\/\/www.lauterbacher-musikschule.de\/?page_id=170"},"modified":"2015-07-14T15:45:31","modified_gmt":"2015-07-14T13:45:31","slug":"peter-mcaven","status":"publish","type":"page","link":"https:\/\/www.lauterbacher-musikschule.de\/?page_id=170","title":{"rendered":"Peter McAven"},"content":{"rendered":"<p><a href=\"http:\/\/www.lauterbacher-musikschule.de\/wp-content\/uploads\/2015\/07\/DSC09456.jpg\"><img loading=\"lazy\" decoding=\"async\" class=\" size-medium wp-image-153 alignright\" src=\"http:\/\/www.lauterbacher-musikschule.de\/wp-content\/uploads\/2015\/07\/DSC09456-300x233.jpg\" alt=\"DSC09456\" width=\"300\" height=\"233\" srcset=\"https:\/\/www.lauterbacher-musikschule.de\/wp-content\/uploads\/2015\/07\/DSC09456-300x233.jpg 300w, https:\/\/www.lauterbacher-musikschule.de\/wp-content\/uploads\/2015\/07\/DSC09456-1024x795.jpg 1024w, https:\/\/www.lauterbacher-musikschule.de\/wp-content\/uploads\/2015\/07\/DSC09456.jpg 1280w\" sizes=\"auto, (max-width: 300px) 100vw, 300px\" \/><\/a><\/p>\n<p><b>Ausbildung<\/b><\/p>\n<p>Peter McAven wurde in Neuseeland geboren und, studierte mit einem Stipendium der Neuseel\u00e4ndischen Arts Council in M\u00fcnchen am Konservatorium und in Hamburg an der Musikhochschule die F\u00e4cher Musikp\u00e4dagogik und k\u00fcnstlerisches Diplom, die er erfolgreich abschloss. Seit 1993 lebt er in Lauterbach.<\/p>\n<p><b>Unterricht<\/b><\/p>\n<p>17 Jahre lang (1979-1995) unterrichtete Peter McAven als Dozent f\u00fcr Gitarre am Hamburger Konservatorium. Zwei seiner Sch\u00fcler sind selbst dort Lehrer geworden. Seit 2001 arbeitete er an der St\u00e4dtischen Musikschule.<\/p>\n<p><b>Praxis<\/b><\/p>\n<p>Zahlreiche Konzerte in Deutschland, England und Neuseeland, vor allem zusammen mit Fl\u00f6te, aber auch mit Geige, Gesang und diversen Besetzungen, sowie Solo Abende kennzeichnen seine Laufbahn. Heute konzentriert er sich auf die Ensemblearbeit und Konzerte zusammen mit Vladimir Pletner (Violine) im Duo &#8222;Violtarre&#8220;.<\/p>\n\n<ul class=\"nav nav-tabs sc_tabs kt-tabs kt-sc-tabs kt-tabs-style1\"><li class=\"\"><a href=\"#sctab48880\">Links<\/a><\/li><\/ul> <div class=\"tab-content kt-tab-content postclass\"><div class=\"tab-pane clearfix \" id=\"sctab48880\">\n<p>&nbsp;<\/p>\n<p><span style=\"color: #333399;\"><strong><a style=\"color: #333399;\" href=\"http:\/\/www.petermcaven.com\">www.petermcaven.com<\/a><\/strong><\/span><\/p>\n<\/div><\/div>\n\n","protected":false},"excerpt":{"rendered":"<p>Ausbildung Peter McAven wurde in Neuseeland geboren und, studierte mit einem Stipendium der Neuseel\u00e4ndischen Arts Council in M\u00fcnchen am Konservatorium und in Hamburg an der Musikhochschule die F\u00e4cher Musikp\u00e4dagogik und k\u00fcnstlerisches Diplom, die er erfolgreich abschloss. Seit 1993 lebt er &hellip; <a href=\"https:\/\/www.lauterbacher-musikschule.de\/?page_id=170\">Weiter<\/a><\/p>\n","protected":false},"author":1,"featured_media":153,"parent":32,"menu_order":0,"comment_status":"closed","ping_status":"open","template":"","meta":{"kt_blocks_editor_width":"","footnotes":""},"class_list":["post-170","page","type-page","status-publish","has-post-thumbnail","hentry"],"_links":{"self":[{"href":"https:\/\/www.lauterbacher-musikschule.de\/index.php?rest_route=\/wp\/v2\/pages\/170","targetHints":{"allow":["GET"]}}],"collection":[{"href":"https:\/\/www.lauterbacher-musikschule.de\/index.php?rest_route=\/wp\/v2\/pages"}],"about":[{"href":"https:\/\/www.lauterbacher-musikschule.de\/index.php?rest_route=\/wp\/v2\/types\/page"}],"author":[{"embeddable":true,"href":"https:\/\/www.lauterbacher-musikschule.de\/index.php?rest_route=\/wp\/v2\/users\/1"}],"replies":[{"embeddable":true,"href":"https:\/\/www.lauterbacher-musikschule.de\/index.php?rest_route=%2Fwp%2Fv2%2Fcomments&post=170"}],"version-history":[{"count":1,"href":"https:\/\/www.lauterbacher-musikschule.de\/index.php?rest_route=\/wp\/v2\/pages\/170\/revisions"}],"predecessor-version":[{"id":171,"href":"https:\/\/www.lauterbacher-musikschule.de\/index.php?rest_route=\/wp\/v2\/pages\/170\/revisions\/171"}],"up":[{"embeddable":true,"href":"https:\/\/www.lauterbacher-musikschule.de\/index.php?rest_route=\/wp\/v2\/pages\/32"}],"wp:featuredmedia":[{"embeddable":true,"href":"https:\/\/www.lauterbacher-musikschule.de\/index.php?rest_route=\/wp\/v2\/media\/153"}],"wp:attachment":[{"href":"https:\/\/www.lauterbacher-musikschule.de\/index.php?rest_route=%2Fwp%2Fv2%2Fmedia&parent=170"}],"curies":[{"name":"wp","href":"https:\/\/api.w.org\/{rel}","templated":true}]}}