{"id":173,"date":"2015-07-14T15:48:44","date_gmt":"2015-07-14T13:48:44","guid":{"rendered":"http:\/\/www.lauterbacher-musikschule.de\/?page_id=173"},"modified":"2015-07-14T15:48:44","modified_gmt":"2015-07-14T13:48:44","slug":"brigitte-kaniuth-pfeiffer","status":"publish","type":"page","link":"https:\/\/www.lauterbacher-musikschule.de\/?page_id=173","title":{"rendered":"Brigitte Kaniuth-Pfeiffer"},"content":{"rendered":"<p><a href=\"http:\/\/www.lauterbacher-musikschule.de\/wp-content\/uploads\/2015\/07\/DSC0008.jpg\"><img loading=\"lazy\" decoding=\"async\" class=\" size-medium wp-image-152 alignright\" src=\"http:\/\/www.lauterbacher-musikschule.de\/wp-content\/uploads\/2015\/07\/DSC0008-199x300.jpg\" alt=\"_DSC0008\" width=\"199\" height=\"300\" srcset=\"https:\/\/www.lauterbacher-musikschule.de\/wp-content\/uploads\/2015\/07\/DSC0008-199x300.jpg 199w, https:\/\/www.lauterbacher-musikschule.de\/wp-content\/uploads\/2015\/07\/DSC0008-680x1024.jpg 680w, https:\/\/www.lauterbacher-musikschule.de\/wp-content\/uploads\/2015\/07\/DSC0008.jpg 850w\" sizes=\"auto, (max-width: 199px) 100vw, 199px\" \/><\/a><\/p>\n<p><b>Ausbildung<\/b><\/p>\n<p>Brigitte Kaniuth-Pfeiffer begann ihren musikalischen Werdegang bereits als Kind. Zun\u00e4chst erhielt sie Blockfl\u00f6tenunterricht. Daraus entwickelte sich das gro\u00dfe Interesse an der Querfl\u00f6te. Es folgte Unterricht in den F\u00e4chern Akkordeon, Querfl\u00f6te und Klavier. Sie war Mitglied im Jugendblasorchester der Musikschule Volmetal in Meinerzhagen und dem Landesjugendakkordeonorchester von Nordrhein Westfalen. Nach der Schulzeit studierte Frau Kaniuth-Pfeiffer Instrumentalp\u00e4dagogik mit den F\u00e4chern Querfl\u00f6te und Akkordeon an der Hochschule f\u00fcr Musik K\u00f6ln, Abt. Wuppertal. Dieses Studium wurde mit der staatlichen Pr\u00fcfung zur Diplom-Musikp\u00e4dagogin abgeschlossen.<\/p>\n<p>Regelm\u00e4\u00dfig nimmt sie an Weiterbildungen des VdM teil.<\/p>\n<p><b>Unterricht<\/b><\/p>\n<p>Frau Kaniuth-Pfeiffer unterrichtete in der Zeit von 1992 bis 2010 an der St\u00e4dtischen Musikschule in Lauterbach. Au\u00dferdem unterrichtet sie an der Musikschule Friedberg und an der Musik- und Kunstschule B\u00fcdingen.<\/p>\n<p>Sie unterrichtet sowohl Kinder, Erwachsene und mittlerweile auch einige Rentner.<\/p>\n<p><b>Praxis<\/b><\/p>\n<p>Zahlreiche Auftritte pr\u00e4gen das Musikalische Wirken. Bereits 1978 trat Frau Kaniuth-Pfeiffer mit ihrem Zwillingsbruder Dietmar Kaniuth in der Sendung \u201eFr\u00fch \u00fcbt sich\u201c auf. Zahlreiche Regional- und Landeswettbewerbe in der Reihe \u201eJugend musiziert\u201c wurden mit 1. Preisen belegt. Ein weiterer H\u00f6hepunkt war bei dem Bundeswettbewerb um den Deutschen Akkordeon-Musikpreis in Essen die Auszeichnung mit dem Pr\u00e4dikat: Ausgezeichnet.<\/p>\n\n<ul class=\"nav nav-tabs sc_tabs kt-tabs kt-sc-tabs kt-tabs-style1\"><li class=\"active\"><a href=\"#sctab42100\">Zitat<\/a><\/li>\n<li class=\"\"><a href=\"#sctab42101\">Musik<\/a><\/li><\/ul> <div class=\"tab-content kt-tab-content postclass\"><div class=\"tab-pane clearfix active\" id=\"sctab42100\">\n<p><span style=\"color: #333399;\"><b>Die Musik dr\u00fcckt das aus, was nicht gesagt werden kann und wor\u00fcber zu schweigen unm\u00f6glich ist.\u00a0<\/b><b>(Victor Hugo)<\/b><\/span><\/p>\n<\/div>\n<div class=\"tab-pane clearfix \" id=\"sctab42101\">\n<p><strong><span style=\"color: #333399;\">Antonio Vivaldi, Johann Sebastian Bach, Frederic Chopin und David Garrett<\/span><\/strong><br \/>\n<\/div><\/div>\n\n","protected":false},"excerpt":{"rendered":"<p>Ausbildung Brigitte Kaniuth-Pfeiffer begann ihren musikalischen Werdegang bereits als Kind. Zun\u00e4chst erhielt sie Blockfl\u00f6tenunterricht. Daraus entwickelte sich das gro\u00dfe Interesse an der Querfl\u00f6te. Es folgte Unterricht in den F\u00e4chern Akkordeon, Querfl\u00f6te und Klavier. Sie war Mitglied im Jugendblasorchester der Musikschule &hellip; <a href=\"https:\/\/www.lauterbacher-musikschule.de\/?page_id=173\">Weiter<\/a><\/p>\n","protected":false},"author":1,"featured_media":152,"parent":32,"menu_order":0,"comment_status":"closed","ping_status":"open","template":"","meta":{"kt_blocks_editor_width":"","footnotes":""},"class_list":["post-173","page","type-page","status-publish","has-post-thumbnail","hentry"],"_links":{"self":[{"href":"https:\/\/www.lauterbacher-musikschule.de\/index.php?rest_route=\/wp\/v2\/pages\/173","targetHints":{"allow":["GET"]}}],"collection":[{"href":"https:\/\/www.lauterbacher-musikschule.de\/index.php?rest_route=\/wp\/v2\/pages"}],"about":[{"href":"https:\/\/www.lauterbacher-musikschule.de\/index.php?rest_route=\/wp\/v2\/types\/page"}],"author":[{"embeddable":true,"href":"https:\/\/www.lauterbacher-musikschule.de\/index.php?rest_route=\/wp\/v2\/users\/1"}],"replies":[{"embeddable":true,"href":"https:\/\/www.lauterbacher-musikschule.de\/index.php?rest_route=%2Fwp%2Fv2%2Fcomments&post=173"}],"version-history":[{"count":1,"href":"https:\/\/www.lauterbacher-musikschule.de\/index.php?rest_route=\/wp\/v2\/pages\/173\/revisions"}],"predecessor-version":[{"id":174,"href":"https:\/\/www.lauterbacher-musikschule.de\/index.php?rest_route=\/wp\/v2\/pages\/173\/revisions\/174"}],"up":[{"embeddable":true,"href":"https:\/\/www.lauterbacher-musikschule.de\/index.php?rest_route=\/wp\/v2\/pages\/32"}],"wp:featuredmedia":[{"embeddable":true,"href":"https:\/\/www.lauterbacher-musikschule.de\/index.php?rest_route=\/wp\/v2\/media\/152"}],"wp:attachment":[{"href":"https:\/\/www.lauterbacher-musikschule.de\/index.php?rest_route=%2Fwp%2Fv2%2Fmedia&parent=173"}],"curies":[{"name":"wp","href":"https:\/\/api.w.org\/{rel}","templated":true}]}}