{"id":177,"date":"2015-07-14T16:49:33","date_gmt":"2015-07-14T14:49:33","guid":{"rendered":"http:\/\/www.lauterbacher-musikschule.de\/?page_id=177"},"modified":"2022-12-17T12:33:18","modified_gmt":"2022-12-17T11:33:18","slug":"ensembles","status":"publish","type":"page","link":"https:\/\/www.lauterbacher-musikschule.de\/?page_id=177","title":{"rendered":"Ensembles"},"content":{"rendered":"<p>Ensembles sind ein wichtiger Bestandteil unserer Arbeit. Zum\u00a0Erlernen eines Musikinstruments geh\u00f6rt das Zusammenspiel im Ensemble von Anfang an dazu. Deshalb bieten wir Ensembles auf allen Stufen der musikalischen Ausbildung an.\u00a0Wir w\u00fcnschen uns, dass alle unsere Sch\u00fcler in verschiedenen Ensembles, Gruppen und Bands mitspielen. Deshalb ist die Teilnahme f\u00fcr sie kostenlos. Die meisten Ensembles stehen aber auch G\u00e4sten offen. Derzeit gibt es 13 Ensembles an der Lauterbacher Musikschule. Hier m\u00f6chten wir sie Ihnen vorstellen.<\/p>\n<div class=\"row\">\n<div class=\"col-md-6\">\n\n<p><strong>Musik inklusiv<\/strong><br \/>\nProbe: montags 10.00 Uhr<br \/>\nLeitung:\u00a0Lehrerteam<\/p>\n<p><strong>Gitarrenensemble<\/strong><br \/>\nProbe: montags 17.15 Uhr<br \/>\nLeitung: <a href=\"http:\/\/www.lauterbacher-musikschule.de\/?page_id=170\">Peter McAven<\/a><\/p>\n<p><strong>Die Spezialisten<br \/>\n<\/strong>Probe: dienstags\u00a09.30 Uhr<br \/>\nLeitung:\u00a0Lehrerteam<\/p>\n<p><strong>Streichkonfekt<\/strong>\u00a0&#8211; Streicherensemble<br \/>\nProbe: Workshops (auf Anfrage)<br \/>\nLeitung: <a href=\"http:\/\/www.lauterbacher-musikschule.de\/?page_id=544\">Christian Niedling<\/a><\/p>\n<\/div>\n<div class=\"col-md-6\">\n<p><strong>Sax Affair<\/strong>\u00a0&#8211; Saxophonensemble<br \/>\nProbe: dienstags 19.00 Uhr<br \/>\nLeitung: <a href=\"http:\/\/www.lauterbacher-musikschule.de\/?page_id=144\">Carolin Henningsen<\/a><\/p>\n<p><a href=\"http:\/\/www.lauterbacher-musikschule.de\/?page_id=795\"><strong>Klingt gut <\/strong><\/a>&#8211; Orchester f\u00fcr alle<a href=\"http:\/\/www.lauterbacher-musikschule.de\/?page_id=795\"><strong><br \/>\n<\/strong><\/a>Probe: mittwochs 17.30 Uhr<br \/>\nLeitung:\u00a0<a href=\"http:\/\/www.lauterbacher-musikschule.de\/?page_id=547\">Klaus Scheuer<\/a><strong><br \/>\n<\/strong><\/p>\n<p><strong>Bigband<\/strong><br \/>\nProbe: donnerstags 20.00 Uhr<br \/>\nLeitung: <a href=\"http:\/\/www.lauterbacher-musikschule.de\/?page_id=547\">Klaus Scheuer<\/a><\/p>\n<p><strong>Perkussionsgruppe<\/strong><br \/>\nProbe: donnerstags 17:30 Uhr<br \/>\nLeitung: <a href=\"http:\/\/www.lauterbacher-musikschule.de\/?page_id=134\">Berthold M\u00f6ller<\/a><\/p>\n<p><strong>Patchwork<\/strong> &#8211;\u00a0Band<br \/>\nProbe: donnerstags 19.00 Uhr<br \/>\nin Eigeninitiative<\/p>\n<p><strong>HeimatMusik &#8211; Band<\/strong><br \/>\nProbe: Workshops (auf Anfrage)<br \/>\nLeitung: <a href=\"http:\/\/www.lauterbacher-musikschule.de\/?page_id=547\">Klaus Scheuer<\/a>, Christine Stork-Eisler, <a href=\"http:\/\/www.lauterbacher-musikschule.de\/?page_id=540\">Michael Jakob<\/a><\/p>\n<\/div>\n<\/div>\n","protected":false},"excerpt":{"rendered":"<p>Ensembles sind ein wichtiger Bestandteil unserer Arbeit. Zum\u00a0Erlernen eines Musikinstruments geh\u00f6rt das Zusammenspiel im Ensemble von Anfang an dazu. Deshalb bieten wir Ensembles auf allen Stufen der musikalischen Ausbildung an.\u00a0Wir w\u00fcnschen uns, dass alle unsere Sch\u00fcler in verschiedenen Ensembles, Gruppen &hellip; <a href=\"https:\/\/www.lauterbacher-musikschule.de\/?page_id=177\">Weiter<\/a><\/p>\n","protected":false},"author":1,"featured_media":1921,"parent":0,"menu_order":0,"comment_status":"closed","ping_status":"open","template":"","meta":{"kt_blocks_editor_width":"","footnotes":""},"class_list":["post-177","page","type-page","status-publish","has-post-thumbnail","hentry"],"_links":{"self":[{"href":"https:\/\/www.lauterbacher-musikschule.de\/index.php?rest_route=\/wp\/v2\/pages\/177","targetHints":{"allow":["GET"]}}],"collection":[{"href":"https:\/\/www.lauterbacher-musikschule.de\/index.php?rest_route=\/wp\/v2\/pages"}],"about":[{"href":"https:\/\/www.lauterbacher-musikschule.de\/index.php?rest_route=\/wp\/v2\/types\/page"}],"author":[{"embeddable":true,"href":"https:\/\/www.lauterbacher-musikschule.de\/index.php?rest_route=\/wp\/v2\/users\/1"}],"replies":[{"embeddable":true,"href":"https:\/\/www.lauterbacher-musikschule.de\/index.php?rest_route=%2Fwp%2Fv2%2Fcomments&post=177"}],"version-history":[{"count":12,"href":"https:\/\/www.lauterbacher-musikschule.de\/index.php?rest_route=\/wp\/v2\/pages\/177\/revisions"}],"predecessor-version":[{"id":2375,"href":"https:\/\/www.lauterbacher-musikschule.de\/index.php?rest_route=\/wp\/v2\/pages\/177\/revisions\/2375"}],"wp:featuredmedia":[{"embeddable":true,"href":"https:\/\/www.lauterbacher-musikschule.de\/index.php?rest_route=\/wp\/v2\/media\/1921"}],"wp:attachment":[{"href":"https:\/\/www.lauterbacher-musikschule.de\/index.php?rest_route=%2Fwp%2Fv2%2Fmedia&parent=177"}],"curies":[{"name":"wp","href":"https:\/\/api.w.org\/{rel}","templated":true}]}}