{"id":198,"date":"2015-07-16T16:13:28","date_gmt":"2015-07-16T14:13:28","guid":{"rendered":"http:\/\/www.lauterbacher-musikschule.de\/?page_id=198"},"modified":"2015-07-16T16:13:28","modified_gmt":"2015-07-16T14:13:28","slug":"dietmar-kaniuth","status":"publish","type":"page","link":"https:\/\/www.lauterbacher-musikschule.de\/?page_id=198","title":{"rendered":"Dietmar Kaniuth"},"content":{"rendered":"<p><b>Ausbildung<\/b><\/p>\n<p>Dietmar Kaniuth erhielt bereits ab dem Alter von 8 Jahren Akkordeonunterricht.\u00a0 Daraus entwickelte sich das gro\u00dfe Interesse an der Querfl\u00f6te. Es folgte Unterricht in den F\u00e4chern Saxophon, Klarinette und E-Orgel. Er war Mitglied im Jugendblasorchester der Musikschule Volmetal in Meinerzhagen und dem Landesjugendakkordeonorchester von Nordrhein Westfalen. Nach der Schulzeit studierte Herr Kaniuth Instrumentalp\u00e4dagogik mit den F\u00e4chern Akkordeon Saxophon an der Hochschule f\u00fcr Musik K\u00f6ln, Abt. Wuppertal. Dieses Studium wurde mit der staatlichen Pr\u00fcfung zum Diplom-Musikp\u00e4dagogen abgeschlossen.<\/p>\n<p><b>Unterricht<\/b><\/p>\n<p>Herr Kaniuth unterrichtete in der Zeit von 1992 bis 2010 an der St\u00e4dtischen Musikschule in Lauterbach. Au\u00dferdem unterrichtet er an der Musikschule Friedberg.\u00a0Er unterrichtet sowohl Kinder, Erwachsene und mittlerweile einige Rentner.<\/p>\n<p><b>Praxis<\/b><\/p>\n<p>Zahlreiche Auftritte pr\u00e4gen das Musikalische Wirken. Bereits 1978 trat Herr Kaniuth mit seiner Zwillingsschwester Brigitte Kaniuth-Pfeiffer in der Sendung \u201eFr\u00fch \u00fcbt sich\u201c auf. Zahlreiche Regional- und Landeswettbewerbe in der Reihe \u201eJugend musiziert\u201c wurden mit 1. Preisen belegt. Ein weiterer H\u00f6hepunkt war bei dem Bundeswettbewerb um den Deutschen Akkordeon-Musikpreis in Essen die Auszeichnung mit dem Pr\u00e4dikat: Ausgezeichnet.\u00a0Von 1988 bis 1991 unterrichtete Herr Kaniuth an der St\u00e4dtischen Musikschule Volmetal in Meinerzhagen in den F\u00e4chern Akkordeon, E-Orgel, Saxophon und Klarinette.<\/p>\n","protected":false},"excerpt":{"rendered":"<p>Ausbildung Dietmar Kaniuth erhielt bereits ab dem Alter von 8 Jahren Akkordeonunterricht.\u00a0 Daraus entwickelte sich das gro\u00dfe Interesse an der Querfl\u00f6te. Es folgte Unterricht in den F\u00e4chern Saxophon, Klarinette und E-Orgel. Er war Mitglied im Jugendblasorchester der Musikschule Volmetal in &hellip; <a href=\"https:\/\/www.lauterbacher-musikschule.de\/?page_id=198\">Weiter<\/a><\/p>\n","protected":false},"author":1,"featured_media":0,"parent":32,"menu_order":0,"comment_status":"closed","ping_status":"open","template":"","meta":{"kt_blocks_editor_width":"","footnotes":""},"class_list":["post-198","page","type-page","status-publish","hentry"],"_links":{"self":[{"href":"https:\/\/www.lauterbacher-musikschule.de\/index.php?rest_route=\/wp\/v2\/pages\/198","targetHints":{"allow":["GET"]}}],"collection":[{"href":"https:\/\/www.lauterbacher-musikschule.de\/index.php?rest_route=\/wp\/v2\/pages"}],"about":[{"href":"https:\/\/www.lauterbacher-musikschule.de\/index.php?rest_route=\/wp\/v2\/types\/page"}],"author":[{"embeddable":true,"href":"https:\/\/www.lauterbacher-musikschule.de\/index.php?rest_route=\/wp\/v2\/users\/1"}],"replies":[{"embeddable":true,"href":"https:\/\/www.lauterbacher-musikschule.de\/index.php?rest_route=%2Fwp%2Fv2%2Fcomments&post=198"}],"version-history":[{"count":1,"href":"https:\/\/www.lauterbacher-musikschule.de\/index.php?rest_route=\/wp\/v2\/pages\/198\/revisions"}],"predecessor-version":[{"id":199,"href":"https:\/\/www.lauterbacher-musikschule.de\/index.php?rest_route=\/wp\/v2\/pages\/198\/revisions\/199"}],"up":[{"embeddable":true,"href":"https:\/\/www.lauterbacher-musikschule.de\/index.php?rest_route=\/wp\/v2\/pages\/32"}],"wp:attachment":[{"href":"https:\/\/www.lauterbacher-musikschule.de\/index.php?rest_route=%2Fwp%2Fv2%2Fmedia&parent=198"}],"curies":[{"name":"wp","href":"https:\/\/api.w.org\/{rel}","templated":true}]}}