{"id":2,"date":"2015-01-15T13:37:10","date_gmt":"2015-01-15T11:37:10","guid":{"rendered":"http:\/\/www.lauterbacher-musikschule.de\/wp\/wordpress-1\/?page_id=2"},"modified":"2015-07-01T15:33:56","modified_gmt":"2015-07-01T13:33:56","slug":"beispiel-seite","status":"publish","type":"page","link":"https:\/\/www.lauterbacher-musikschule.de\/?page_id=2","title":{"rendered":"Angebot"},"content":{"rendered":"<p>Unser Unterrichtsangebot reicht von der Blockfl\u00f6te zur Gitarre, vom Einzelunterricht zum kostenlosen Ensemblespiel, von der musikalischen Fr\u00fcherziehung zur Vorbereitung auf das Hochschulstudium. Denn Musik kennt viele Facetten. Klassische Musik, Volkslieder, Popmusik, Jazz oder Chorgesang haben eines gemeinsam: sie leben von der Kraft der Harmonie und dem aktiven Miteinander. Deshalb verstehen wir unter Musikunterricht mehr als die Anleitung zum flei\u00dfigen \u00dcben. Musik ist vielmehr eine Schule f\u00fcrs Leben.<\/p>\n<p>&nbsp;<\/p>\n<p><span style=\"color: #333399;\"><b>Elementarer Musikunterricht<\/b><\/span><br \/>\nDie Elementarstufe ist der Einstieg ins aktive Musizieren. Dies kann schon im Kindergartenalter und davor stattfinden. In drei Stufen lernen die Kinder spielerisch die Welt der Musik kennen:<\/p>\n<ul>\n<li><b>Musikgarten (1 1\/2 &#8211; 3 Jahre)<\/b><\/li>\n<li><b>Musikalische Fr\u00fcherziehung (4 &#8211; 6 Jahre) Musikalische Grundausbildung (6 &#8211; 8 Jahre)<\/b><\/li>\n<\/ul>\n<p>&nbsp;<\/p>\n<p><span style=\"color: #333399;\"><b>Instrumental- und Gesangsunterricht<\/b><\/span><br \/>\nIm Zentrum der Musikschularbeit steht das Erlernen eines Musikinstrumentes, zu dem nat\u00fcrlich auch die eigene Stimme z\u00e4hlt. Unsere qualifizierten Lehrerinnen und Lehrer bieten Unterricht in folgenden F\u00e4chern an:<\/p>\n<ul>\n<li><b>Akkordeon, Ba\u00dfklarinette, Blockfl\u00f6te, Bratsche, Cello, E-Bass, E-Orgel, E-Gitarre, Gambe, Geige, Gesang, Gitarre, Keltische Harfe, Keyboard, Klarinette, Klavier, Kontrabass, Kornett, Posaune, Querfl\u00f6te, Saxophon, Schlagzeug Tenorhorn, Trompete, Tuba, Waldhorn<\/b><\/li>\n<\/ul>\n<p>&nbsp;<\/p>\n<p><span style=\"color: #333399;\"><b>Ensembles<\/b><\/span><br \/>\nWer ein Instrument erlernt, m\u00f6chte sein K\u00f6nnen anderen vorspielen. Dies f\u00e4llt am leichtesten mit anderen zusammen. Deshalb geh\u00f6ren Ensembles fest zu unserem Angebot. Hier k\u00f6nnen Musikerinnen und Musiker mit unterschiedlichen Kenntnissen zusammen musizieren egal ob alt oder jung. Damit die Ensembles wirklich f\u00fcr alle offen sind, kostet die Teilnahme f\u00fcr Sch\u00fclerinnen und Sch\u00fcler der Lauterbacher Musikschule keine Geb\u00fchr.<\/p>\n<ul>\n<li><b>Gitarrenensemble, Bigband\u00a0 Saxophonensemble, Streicherensemble, Vokalensemble<\/b><\/li>\n<\/ul>\n","protected":false},"excerpt":{"rendered":"<p>Unser Unterrichtsangebot reicht von der Blockfl\u00f6te zur Gitarre, vom Einzelunterricht zum kostenlosen Ensemblespiel, von der musikalischen Fr\u00fcherziehung zur Vorbereitung auf das Hochschulstudium. Denn Musik kennt viele Facetten. Klassische Musik, Volkslieder, Popmusik, Jazz oder Chorgesang haben eines gemeinsam: sie leben von &hellip; <a href=\"https:\/\/www.lauterbacher-musikschule.de\/?page_id=2\">Weiter<\/a><\/p>\n","protected":false},"author":1,"featured_media":0,"parent":0,"menu_order":8,"comment_status":"open","ping_status":"open","template":"","meta":{"kt_blocks_editor_width":"","footnotes":""},"class_list":["post-2","page","type-page","status-publish","hentry"],"_links":{"self":[{"href":"https:\/\/www.lauterbacher-musikschule.de\/index.php?rest_route=\/wp\/v2\/pages\/2","targetHints":{"allow":["GET"]}}],"collection":[{"href":"https:\/\/www.lauterbacher-musikschule.de\/index.php?rest_route=\/wp\/v2\/pages"}],"about":[{"href":"https:\/\/www.lauterbacher-musikschule.de\/index.php?rest_route=\/wp\/v2\/types\/page"}],"author":[{"embeddable":true,"href":"https:\/\/www.lauterbacher-musikschule.de\/index.php?rest_route=\/wp\/v2\/users\/1"}],"replies":[{"embeddable":true,"href":"https:\/\/www.lauterbacher-musikschule.de\/index.php?rest_route=%2Fwp%2Fv2%2Fcomments&post=2"}],"version-history":[{"count":7,"href":"https:\/\/www.lauterbacher-musikschule.de\/index.php?rest_route=\/wp\/v2\/pages\/2\/revisions"}],"predecessor-version":[{"id":89,"href":"https:\/\/www.lauterbacher-musikschule.de\/index.php?rest_route=\/wp\/v2\/pages\/2\/revisions\/89"}],"wp:attachment":[{"href":"https:\/\/www.lauterbacher-musikschule.de\/index.php?rest_route=%2Fwp%2Fv2%2Fmedia&parent=2"}],"curies":[{"name":"wp","href":"https:\/\/api.w.org\/{rel}","templated":true}]}}