{"id":2071,"date":"2020-04-29T09:43:25","date_gmt":"2020-04-29T07:43:25","guid":{"rendered":"http:\/\/www.lauterbacher-musikschule.de\/?page_id=2071"},"modified":"2020-04-29T13:33:44","modified_gmt":"2020-04-29T11:33:44","slug":"musikideen","status":"publish","type":"page","link":"https:\/\/www.lauterbacher-musikschule.de\/?page_id=2071","title":{"rendered":"Material"},"content":{"rendered":"\n<p>Hier stellen wir Ihnen und euch ein paar Ideen vor, die man zu Hause umsetzen kann. Ausl\u00f6ser ist die aktuelle Situation im Zusammenhang mit Corona, aber vielleicht bleiben manche Ideen ja auch f\u00fcr sp\u00e4ter interessant. <\/p>\n\n\n\n<p>Wir freuen uns \u00fcber R\u00fcckmeldungen und nat\u00fcrlich auch \u00fcber eure eigenen Ideen, die wir hier gerne auch vorstellen wollen.<\/p>\n\n\n\n<p>Bleibt gesund und Stay Tuned!<\/p>\n\n\n\n<p>Eure Lauterbacher Musikschule<\/p>\n","protected":false},"excerpt":{"rendered":"<p>Hier stellen wir Ihnen und euch ein paar Ideen vor, die man zu Hause umsetzen kann. Ausl\u00f6ser ist die aktuelle Situation im Zusammenhang mit Corona, aber vielleicht bleiben manche Ideen ja auch f\u00fcr sp\u00e4ter interessant. Wir freuen uns \u00fcber R\u00fcckmeldungen &hellip; <a href=\"https:\/\/www.lauterbacher-musikschule.de\/?page_id=2071\">Weiter<\/a><\/p>\n","protected":false},"author":1,"featured_media":0,"parent":0,"menu_order":0,"comment_status":"closed","ping_status":"closed","template":"","meta":{"kt_blocks_editor_width":"","footnotes":""},"class_list":["post-2071","page","type-page","status-publish","hentry"],"_links":{"self":[{"href":"https:\/\/www.lauterbacher-musikschule.de\/index.php?rest_route=\/wp\/v2\/pages\/2071","targetHints":{"allow":["GET"]}}],"collection":[{"href":"https:\/\/www.lauterbacher-musikschule.de\/index.php?rest_route=\/wp\/v2\/pages"}],"about":[{"href":"https:\/\/www.lauterbacher-musikschule.de\/index.php?rest_route=\/wp\/v2\/types\/page"}],"author":[{"embeddable":true,"href":"https:\/\/www.lauterbacher-musikschule.de\/index.php?rest_route=\/wp\/v2\/users\/1"}],"replies":[{"embeddable":true,"href":"https:\/\/www.lauterbacher-musikschule.de\/index.php?rest_route=%2Fwp%2Fv2%2Fcomments&post=2071"}],"version-history":[{"count":2,"href":"https:\/\/www.lauterbacher-musikschule.de\/index.php?rest_route=\/wp\/v2\/pages\/2071\/revisions"}],"predecessor-version":[{"id":2075,"href":"https:\/\/www.lauterbacher-musikschule.de\/index.php?rest_route=\/wp\/v2\/pages\/2071\/revisions\/2075"}],"wp:attachment":[{"href":"https:\/\/www.lauterbacher-musikschule.de\/index.php?rest_route=%2Fwp%2Fv2%2Fmedia&parent=2071"}],"curies":[{"name":"wp","href":"https:\/\/api.w.org\/{rel}","templated":true}]}}