{"id":227,"date":"2015-07-23T10:48:14","date_gmt":"2015-07-23T08:48:14","guid":{"rendered":"http:\/\/www.lauterbacher-musikschule.de\/?page_id=227"},"modified":"2020-08-27T17:21:10","modified_gmt":"2020-08-27T15:21:10","slug":"verein","status":"publish","type":"page","link":"https:\/\/www.lauterbacher-musikschule.de\/?page_id=227","title":{"rendered":"Verein"},"content":{"rendered":"\n<p><\/p>\n\n\n<p>Tr\u00e4gerverein der Lauterbacher Musikschule e.V.<\/p>\n<p>Der Tr\u00e4gerverein unserer Musikschule ist aus dem F\u00f6rderverein der Musikschule der Kreisstadt Lauterbach hervor gegangen.\u00a0 Inzwischen ist er als <b>Tr\u00e4gerverein der Lauterbacher Musikschule e.V. <\/b>im Vereinsregister eingetragen und als gemeinn\u00fctziger Verein anerkannt. Als solcher wird er ab Januar 2011 die Lauterbacher Musikschule als \u00f6ffentlich kontrollierte Bildungseinrichtung nach den Richtlinien des VdM betreiben.<\/p>\n<p>Die Gr\u00fcndung eines F\u00f6rdervereins f\u00fcr die Musikschule Lauterbach war im Herbst 2009 von Sch\u00fclern, Eltern, Lehrern und Freunden der st\u00e4dtischen Musikschule ausgegangen. Er wurde im Januar 2010 gegr\u00fcndet und setzte sich daf\u00fcr ein, die Musikschule als Bildungseinrichtung in \u00f6ffentlicher Tr\u00e4gerschaft zu erhalten. Nach dem Beschluss der Stadt Lauterbach, die kommunale Musikschule zu schlie\u00dfen, entschieden die Mitglieder des F\u00f6rdervereins am 4. November 2010 die Satzung zu \u00e4ndern und den F\u00f6rderverein in einen Tr\u00e4gerverein umzuwandeln.<\/p>\n<p>Wenn Sie sich f\u00fcr unsere Arbeit interessieren und diese vielleicht sogar durch Ihre Mitgliedschaft unterst\u00fctzen m\u00f6chten, finden Sie hier die notwendigen Informationen und Unterlagen zum herunter laden.<\/p>\n<p><a href=\"http:\/\/www.lauterbacher-musikschule.de\/wp-content\/uploads\/2017\/09\/Beitrittserkl\u00e4rung-2017.pdf\">Beitrittserkl\u00e4rung<\/a><\/p>\n<p><a href=\"http:\/\/www.lauterbacher-musikschule.de\/wp-content\/uploads\/2015\/11\/Satzung-2015.pdf\" target=\"_blank\" rel=\"noopener noreferrer\">Satzung<\/a><\/p>\n<p><strong>Vorstand<\/strong><\/p>\n<p>Berthold M\u00f6ller, Hannah Eisler, Jonas Pfanschilling, Christine Stork-Eisler, Michael Hahn (vlnr)<\/p>\n\t\t\t<div class=\"media-credit-container alignleft\"  style=\"max-width: 522px\">\n\t\t\t<img loading=\"lazy\" decoding=\"async\" class=\"wp-image-2130 size-full alignleft\" src=\"http:\/\/www.lauterbacher-musikschule.de\/wp-content\/uploads\/2020\/08\/IMG_0774.jpg\" alt=\"\" width=\"512\" height=\"384\" srcset=\"https:\/\/www.lauterbacher-musikschule.de\/wp-content\/uploads\/2020\/08\/IMG_0774.jpg 512w, https:\/\/www.lauterbacher-musikschule.de\/wp-content\/uploads\/2020\/08\/IMG_0774-300x225.jpg 300w\" sizes=\"auto, (max-width: 512px) 100vw, 512px\" \/><span class=\"media-credit\"><a href=\"https:\/\/www.lauterbacher-musikschule.de\/?author=1\">admin<\/a> | Lauterbacher Musikschule<\/span>\t\t<\/div>\n\t\n\n\n<p><\/p>\n","protected":false},"excerpt":{"rendered":"<p>Tr\u00e4gerverein der Lauterbacher Musikschule e.V. Der Tr\u00e4gerverein unserer Musikschule ist aus dem F\u00f6rderverein der Musikschule der Kreisstadt Lauterbach hervor gegangen.\u00a0 Inzwischen ist er als Tr\u00e4gerverein der Lauterbacher Musikschule e.V. im Vereinsregister eingetragen und als gemeinn\u00fctziger Verein anerkannt. Als solcher wird &hellip; <a href=\"https:\/\/www.lauterbacher-musikschule.de\/?page_id=227\">Weiter<\/a><\/p>\n","protected":false},"author":1,"featured_media":0,"parent":0,"menu_order":0,"comment_status":"closed","ping_status":"open","template":"","meta":{"kt_blocks_editor_width":"","footnotes":""},"class_list":["post-227","page","type-page","status-publish","hentry"],"_links":{"self":[{"href":"https:\/\/www.lauterbacher-musikschule.de\/index.php?rest_route=\/wp\/v2\/pages\/227","targetHints":{"allow":["GET"]}}],"collection":[{"href":"https:\/\/www.lauterbacher-musikschule.de\/index.php?rest_route=\/wp\/v2\/pages"}],"about":[{"href":"https:\/\/www.lauterbacher-musikschule.de\/index.php?rest_route=\/wp\/v2\/types\/page"}],"author":[{"embeddable":true,"href":"https:\/\/www.lauterbacher-musikschule.de\/index.php?rest_route=\/wp\/v2\/users\/1"}],"replies":[{"embeddable":true,"href":"https:\/\/www.lauterbacher-musikschule.de\/index.php?rest_route=%2Fwp%2Fv2%2Fcomments&post=227"}],"version-history":[{"count":25,"href":"https:\/\/www.lauterbacher-musikschule.de\/index.php?rest_route=\/wp\/v2\/pages\/227\/revisions"}],"predecessor-version":[{"id":2136,"href":"https:\/\/www.lauterbacher-musikschule.de\/index.php?rest_route=\/wp\/v2\/pages\/227\/revisions\/2136"}],"wp:attachment":[{"href":"https:\/\/www.lauterbacher-musikschule.de\/index.php?rest_route=%2Fwp%2Fv2%2Fmedia&parent=227"}],"curies":[{"name":"wp","href":"https:\/\/api.w.org\/{rel}","templated":true}]}}