{"id":32,"date":"2015-02-26T12:09:11","date_gmt":"2015-02-26T11:09:11","guid":{"rendered":"http:\/\/www.lauterbacher-musikschule.de\/wp\/wordpress-1\/?page_id=32"},"modified":"2022-03-02T19:04:27","modified_gmt":"2022-03-02T18:04:27","slug":"team","status":"publish","type":"page","link":"https:\/\/www.lauterbacher-musikschule.de\/?page_id=32","title":{"rendered":"Kollegium"},"content":{"rendered":"<p>Bei der Lauterbacher Musikschule unterrichten ausgebildete p\u00e4dagogische Fachkr\u00e4fte. Mit langj\u00e4hriger Unterrichtserfahrung in Lauterbach und dar\u00fcber hinaus.<\/p>\n<p>Unser breites Unterrichtsangebot richtet sich gleicherma\u00dfen an Kinder, Jugendliche und Erwachsene, denn Musik kennt keine Generationsgrenzen. Dabei soll sich jeder unseren qualifizierten Unterricht leisten k\u00f6nnen, denn Musik ist die Sprache, die jeder versteht.<\/p>\n<p><strong><b>Caroline Andreas &#8211;\u00a0<\/b><\/strong>Elementarunterricht, Blockfl\u00f6te<\/p>\n<p><strong>Tommy Fischer<\/strong> &#8211; Schlagzeug<\/p>\n<p><b>Jutta Hartmann-Sauer &#8211;\u00a0<\/b>Elementarunterricht<\/p>\n<p><b><a href=\"http:\/\/www.lauterbacher-musikschule.de\/?page_id=144\">Carolin Henningsen<\/a> &#8211;\u00a0<\/b>Saxophon, Klarinette, Ensemble<\/p>\n<p><a href=\"http:\/\/www.lauterbacher-musikschule.de\/?page_id=540\"><b>Michael<\/b> <\/a><b><a href=\"http:\/\/www.lauterbacher-musikschule.de\/?page_id=540\">Jakob<\/a> &#8211;\u00a0<\/b>Kontrabass, Keyboard, Inklusionsprojekte<\/p>\n<p><a href=\"http:\/\/www.lauterbacher-musikschule.de\/?page_id=198\"><b>Dietmar<\/b> <\/a><b><a href=\"http:\/\/www.lauterbacher-musikschule.de\/?page_id=198\">Kaniuth<\/a> &#8211;\u00a0<\/b>Akkordeon, Keyboard, E-Orgel<\/p>\n<p><b><a href=\"http:\/\/www.lauterbacher-musikschule.de\/?page_id=173\">Brigitte Kaniuth-Pfeiffer<\/a> &#8211;\u00a0<\/b>Querfl\u00f6te, Akkordeon, Keyboard, Klavier<\/p>\n<p><b>Igor Karassik &#8211;\u00a0<\/b>Querfl\u00f6te<\/p>\n<p><b><a href=\"http:\/\/www.lauterbacher-musikschule.de\/?page_id=155\">Ute Kr\u00f6nung<\/a> &#8211;\u00a0<\/b>Klarinette, Bassklarinette, Saxophon<\/p>\n<p><b><a href=\"http:\/\/www.lauterbacher-musikschule.de\/?page_id=170\">Peter McAven<\/a> &#8211;\u00a0<\/b>Gitarre, Ensemble<\/p>\n<p><b><a href=\"http:\/\/www.lauterbacher-musikschule.de\/?page_id=535\">Olga Maljutina<\/a> &#8211;\u00a0<\/b>Klavier<\/p>\n<p><b><a href=\"http:\/\/www.lauterbacher-musikschule.de\/?page_id=134\">Berthold M\u00f6ller<\/a> &#8211;\u00a0<\/b>Schlagzeug, Inklusionsprojekte, Ensemble<\/p>\n<p><b><a href=\"http:\/\/www.lauterbacher-musikschule.de\/?page_id=544\">Christian Niedling<\/a> &#8211;\u00a0<\/b>Cello, Gambe, Ensemble<\/p>\n<p><b><a href=\"http:\/\/www.lauterbacher-musikschule.de\/?page_id=668\">Elke Saller<\/a> &#8211;\u00a0<\/b>Inklusionsprojekte<\/p>\n<p><b><a href=\"http:\/\/www.lauterbacher-musikschule.de\/?page_id=122\">Annette Schulz<\/a> &#8211;\u00a0<\/b>Klavier, Inklusionsprojekte, Elementarunterricht<\/p>\n<p><b><a href=\"http:\/\/www.lauterbacher-musikschule.de\/?page_id=547\">Klaus Scheuer<\/a> &#8211;\u00a0<\/b>Trompete, Waldhorn, Tenorhorn, Bl\u00e4serklasse, Inklusionsprojekte, Blasorchester, Bigband<\/p>\n<p><b>Christine Stork-Eisler &#8211;\u00a0<\/b>Gesang, Cello, Sprecherziehung, Darstellung, Chor<\/p>\n<p><b><a href=\"http:\/\/www.lauterbacher-musikschule.de\/?page_id=193\">Poh Suan Teo<\/a> &#8211;\u00a0<\/b>Geige, Bratsche<\/p>\n<p><strong>Dino Wurtinger<\/strong> &#8211; Gitarre, E-Gitarre<\/p>\n","protected":false},"excerpt":{"rendered":"<p>Bei der Lauterbacher Musikschule unterrichten ausgebildete p\u00e4dagogische Fachkr\u00e4fte. Mit langj\u00e4hriger Unterrichtserfahrung in Lauterbach und dar\u00fcber hinaus. Unser breites Unterrichtsangebot richtet sich gleicherma\u00dfen an Kinder, Jugendliche und Erwachsene, denn Musik kennt keine Generationsgrenzen. Dabei soll sich jeder unseren qualifizierten Unterricht leisten &hellip; <a href=\"https:\/\/www.lauterbacher-musikschule.de\/?page_id=32\">Weiter<\/a><\/p>\n","protected":false},"author":1,"featured_media":0,"parent":0,"menu_order":7,"comment_status":"open","ping_status":"open","template":"","meta":{"kt_blocks_editor_width":"","footnotes":""},"class_list":["post-32","page","type-page","status-publish","hentry"],"_links":{"self":[{"href":"https:\/\/www.lauterbacher-musikschule.de\/index.php?rest_route=\/wp\/v2\/pages\/32","targetHints":{"allow":["GET"]}}],"collection":[{"href":"https:\/\/www.lauterbacher-musikschule.de\/index.php?rest_route=\/wp\/v2\/pages"}],"about":[{"href":"https:\/\/www.lauterbacher-musikschule.de\/index.php?rest_route=\/wp\/v2\/types\/page"}],"author":[{"embeddable":true,"href":"https:\/\/www.lauterbacher-musikschule.de\/index.php?rest_route=\/wp\/v2\/users\/1"}],"replies":[{"embeddable":true,"href":"https:\/\/www.lauterbacher-musikschule.de\/index.php?rest_route=%2Fwp%2Fv2%2Fcomments&post=32"}],"version-history":[{"count":20,"href":"https:\/\/www.lauterbacher-musikschule.de\/index.php?rest_route=\/wp\/v2\/pages\/32\/revisions"}],"predecessor-version":[{"id":2312,"href":"https:\/\/www.lauterbacher-musikschule.de\/index.php?rest_route=\/wp\/v2\/pages\/32\/revisions\/2312"}],"wp:attachment":[{"href":"https:\/\/www.lauterbacher-musikschule.de\/index.php?rest_route=%2Fwp%2Fv2%2Fmedia&parent=32"}],"curies":[{"name":"wp","href":"https:\/\/api.w.org\/{rel}","templated":true}]}}