{"id":50,"date":"2015-03-10T16:37:21","date_gmt":"2015-03-10T15:37:21","guid":{"rendered":"http:\/\/www.lauterbacher-musikschule.de\/wp\/wordpress-1\/?page_id=50"},"modified":"2025-04-05T11:43:46","modified_gmt":"2025-04-05T09:43:46","slug":"preise","status":"publish","type":"page","link":"https:\/\/www.lauterbacher-musikschule.de\/?page_id=50","title":{"rendered":"Preise"},"content":{"rendered":"<p>Musizieren sollte ein Mensch so selbstverst\u00e4ndlich k\u00f6nnen wie Lesen und Schreiben. So bringt es der Verband deutscher Musikschulen (VdM) auf den Punkt. Jedem Mensch sollte also Zugang zu musikalischer Bildung haben. Eine Voraussetzung daf\u00fcr ist, dass musikalische Bildung bezahlbar f\u00fcr alle ist. Daf\u00fcr sorgen \u00f6ffentliche Musikschulen, denn sie werden mit \u00f6ffentlichen Mitteln gef\u00f6rdert. Sie bieten qualifizierte Bildung f\u00fcr alle. Bei uns gibt es Erm\u00e4\u00dfigungen f\u00fcr Geschwister und Familien, und man den Bildungsgutschein bei uns anrechnen lassen.<\/p>\n<h4><span style=\"color: #ff0000;\">\u00dcber die aktuellen Geb\u00fchren informieren Sie sich bitte auf unserer neuen Website<\/span><\/h4>\n<p><a href=\"https:\/\/www.kulturspinnerei.com\/lauterbacher-musikschule\/gebuehren\">www.kulturspinnerei.com<\/a><\/p>\n","protected":false},"excerpt":{"rendered":"<p>Musizieren sollte ein Mensch so selbstverst\u00e4ndlich k\u00f6nnen wie Lesen und Schreiben. So bringt es der Verband deutscher Musikschulen (VdM) auf den Punkt. Jedem Mensch sollte also Zugang zu musikalischer Bildung haben. Eine Voraussetzung daf\u00fcr ist, dass musikalische Bildung bezahlbar f\u00fcr &hellip; <a href=\"https:\/\/www.lauterbacher-musikschule.de\/?page_id=50\">Weiter<\/a><\/p>\n","protected":false},"author":1,"featured_media":0,"parent":2,"menu_order":6,"comment_status":"open","ping_status":"open","template":"","meta":{"kt_blocks_editor_width":"","footnotes":""},"class_list":["post-50","page","type-page","status-publish","hentry"],"_links":{"self":[{"href":"https:\/\/www.lauterbacher-musikschule.de\/index.php?rest_route=\/wp\/v2\/pages\/50","targetHints":{"allow":["GET"]}}],"collection":[{"href":"https:\/\/www.lauterbacher-musikschule.de\/index.php?rest_route=\/wp\/v2\/pages"}],"about":[{"href":"https:\/\/www.lauterbacher-musikschule.de\/index.php?rest_route=\/wp\/v2\/types\/page"}],"author":[{"embeddable":true,"href":"https:\/\/www.lauterbacher-musikschule.de\/index.php?rest_route=\/wp\/v2\/users\/1"}],"replies":[{"embeddable":true,"href":"https:\/\/www.lauterbacher-musikschule.de\/index.php?rest_route=%2Fwp%2Fv2%2Fcomments&post=50"}],"version-history":[{"count":21,"href":"https:\/\/www.lauterbacher-musikschule.de\/index.php?rest_route=\/wp\/v2\/pages\/50\/revisions"}],"predecessor-version":[{"id":2525,"href":"https:\/\/www.lauterbacher-musikschule.de\/index.php?rest_route=\/wp\/v2\/pages\/50\/revisions\/2525"}],"up":[{"embeddable":true,"href":"https:\/\/www.lauterbacher-musikschule.de\/index.php?rest_route=\/wp\/v2\/pages\/2"}],"wp:attachment":[{"href":"https:\/\/www.lauterbacher-musikschule.de\/index.php?rest_route=%2Fwp%2Fv2%2Fmedia&parent=50"}],"curies":[{"name":"wp","href":"https:\/\/api.w.org\/{rel}","templated":true}]}}