{"id":535,"date":"2016-11-24T12:13:57","date_gmt":"2016-11-24T11:13:57","guid":{"rendered":"http:\/\/www.lauterbacher-musikschule.de\/?page_id=535"},"modified":"2017-02-09T12:01:36","modified_gmt":"2017-02-09T11:01:36","slug":"olga-maljutina","status":"publish","type":"page","link":"https:\/\/www.lauterbacher-musikschule.de\/?page_id=535","title":{"rendered":"Olga Maljutina"},"content":{"rendered":"<h3><a href=\"http:\/\/www.lauterbacher-musikschule.de\/wp-content\/uploads\/2017\/02\/Maljutina-Kopie.jpg\"><img loading=\"lazy\" decoding=\"async\" class=\"wp-image-610 alignleft\" src=\"http:\/\/www.lauterbacher-musikschule.de\/wp-content\/uploads\/2017\/02\/Maljutina-Kopie-214x300.jpg\" alt=\"\" width=\"263\" height=\"369\" srcset=\"https:\/\/www.lauterbacher-musikschule.de\/wp-content\/uploads\/2017\/02\/Maljutina-Kopie-214x300.jpg 214w, https:\/\/www.lauterbacher-musikschule.de\/wp-content\/uploads\/2017\/02\/Maljutina-Kopie-768x1079.jpg 768w, https:\/\/www.lauterbacher-musikschule.de\/wp-content\/uploads\/2017\/02\/Maljutina-Kopie-729x1024.jpg 729w, https:\/\/www.lauterbacher-musikschule.de\/wp-content\/uploads\/2017\/02\/Maljutina-Kopie.jpg 800w\" sizes=\"auto, (max-width: 263px) 100vw, 263px\" \/><\/a><\/h3>\n<h3>Olga Maljutina<\/h3>\n<p>absolvierte die Hochschule f\u00fcr Musik Nowosibirsk an der Meisterklasse Prof. S. Tamarkina mit Staatsexamen als Konzertsolistin, Kammermusikerin und Musikp\u00e4dagogin.<\/p>\n<p>Nach dem Studium hatte sie dort viele Jahre eine Korrepetitionsstelle.<\/p>\n<p>Seit 25 Jahren lebt O. Maljutina mit ihrer Familie in Deutschland. Hier unterrichtet sie Klavier\u00a0 an den Musikschulen Alsfeld und Lauterbach.<\/p>\n<p>Unter ihren Sch\u00fclern sind zahlreiche Preistr\u00e4ger des Wettbewerbs \u201eJugend musiziert\u201c auf Regional-, Landes- und Bundesebene.<\/p>\n<p>Sie tritt oft als Klavierpartnerin der Instumentalsolisten in Konzerten und Wettbewerben auf.<\/p>\n<p>Viele junge Pianisten hat sie zum weiteren Musikstudium vorbereitet: Ihre Sch\u00fcler studieren Musikp\u00e4dagogik, Lehramt Musik und Kirchenmusik an den Musikhochschulen W\u00fcrzburg, M\u00fcnchen, Frankfurt, Mainz und Karlsruhe.<\/p>\n","protected":false},"excerpt":{"rendered":"<p>Olga Maljutina absolvierte die Hochschule f\u00fcr Musik Nowosibirsk an der Meisterklasse Prof. S. Tamarkina mit Staatsexamen als Konzertsolistin, Kammermusikerin und Musikp\u00e4dagogin. Nach dem Studium hatte sie dort viele Jahre eine Korrepetitionsstelle. Seit 25 Jahren lebt O. Maljutina mit ihrer Familie &hellip; <a href=\"https:\/\/www.lauterbacher-musikschule.de\/?page_id=535\">Weiter<\/a><\/p>\n","protected":false},"author":1,"featured_media":0,"parent":32,"menu_order":0,"comment_status":"closed","ping_status":"closed","template":"","meta":{"kt_blocks_editor_width":"","footnotes":""},"class_list":["post-535","page","type-page","status-publish","hentry"],"_links":{"self":[{"href":"https:\/\/www.lauterbacher-musikschule.de\/index.php?rest_route=\/wp\/v2\/pages\/535","targetHints":{"allow":["GET"]}}],"collection":[{"href":"https:\/\/www.lauterbacher-musikschule.de\/index.php?rest_route=\/wp\/v2\/pages"}],"about":[{"href":"https:\/\/www.lauterbacher-musikschule.de\/index.php?rest_route=\/wp\/v2\/types\/page"}],"author":[{"embeddable":true,"href":"https:\/\/www.lauterbacher-musikschule.de\/index.php?rest_route=\/wp\/v2\/users\/1"}],"replies":[{"embeddable":true,"href":"https:\/\/www.lauterbacher-musikschule.de\/index.php?rest_route=%2Fwp%2Fv2%2Fcomments&post=535"}],"version-history":[{"count":2,"href":"https:\/\/www.lauterbacher-musikschule.de\/index.php?rest_route=\/wp\/v2\/pages\/535\/revisions"}],"predecessor-version":[{"id":613,"href":"https:\/\/www.lauterbacher-musikschule.de\/index.php?rest_route=\/wp\/v2\/pages\/535\/revisions\/613"}],"up":[{"embeddable":true,"href":"https:\/\/www.lauterbacher-musikschule.de\/index.php?rest_route=\/wp\/v2\/pages\/32"}],"wp:attachment":[{"href":"https:\/\/www.lauterbacher-musikschule.de\/index.php?rest_route=%2Fwp%2Fv2%2Fmedia&parent=535"}],"curies":[{"name":"wp","href":"https:\/\/api.w.org\/{rel}","templated":true}]}}