{"id":547,"date":"2016-11-24T12:30:27","date_gmt":"2016-11-24T11:30:27","guid":{"rendered":"http:\/\/www.lauterbacher-musikschule.de\/?page_id=547"},"modified":"2018-02-28T19:08:08","modified_gmt":"2018-02-28T18:08:08","slug":"klaus-scheuer","status":"publish","type":"page","link":"https:\/\/www.lauterbacher-musikschule.de\/?page_id=547","title":{"rendered":"Klaus Scheuer"},"content":{"rendered":"<h3><a href=\"http:\/\/www.lauterbacher-musikschule.de\/wp-content\/uploads\/2016\/11\/klaus_tp.jpg\"><img loading=\"lazy\" decoding=\"async\" class=\"size-medium wp-image-526 alignright\" src=\"http:\/\/www.lauterbacher-musikschule.de\/wp-content\/uploads\/2016\/11\/klaus_tp-300x225.jpg\" alt=\"klaus_tp\" width=\"300\" height=\"225\" \/><\/a>Klaus Scheuer<\/h3>\n<p>Klaus Scheuer studierte Musikwissenschaft, Musikp\u00e4dagogik und Psychologie an der Universit\u00e4t Gie\u00dfen. Er spielte im symphonischen Orchester und in der Bigband der Uni Gie\u00dfen. Begleitend arbeitete er als freier Mitarbeiter der Jazzredaktion des WDR, K\u00f6ln und studierte Trompete bei Jon Eardley (Gerry Mulligan Quartet, WDR Bigband). Am Institut f\u00fcr Musikp\u00e4dagogik in Wiesbaden bildete er sich zum Leiter von Bl\u00e4serklassen weiter.<\/p>\n<p>Klaus Scheuer hat seit mehr als 20 Jahren Trompete und Blechblasinstrumente an der Musikschule der Kreisstadt Lauterbach, der Musikschule der Stadt Herbstein und anderen Musikschulen unterrichtet. Er ist Dirigent des Musikvereins Horas. Dort\u00a0leitet er auch Bl\u00e4serklassen und Jugendblasorchester. Er ist Schulleiter der Lauterbacher Musikschule und unterrichtet hier Trompete, Waldhorn, Tenorhorn sowie in inklusiven Ensembles.<\/p>\n<p>Er arbeitet journalistisch f\u00fcr das Online-Magazin Osthessen-News sowie Musik-Fachzeitschriften. 1995 erschien sein Buch \u00fcber den amerikanischen Jazzmusiker Bix Beiderbecke.<\/p>\n","protected":false},"excerpt":{"rendered":"<p>Klaus Scheuer Klaus Scheuer studierte Musikwissenschaft, Musikp\u00e4dagogik und Psychologie an der Universit\u00e4t Gie\u00dfen. Er spielte im symphonischen Orchester und in der Bigband der Uni Gie\u00dfen. Begleitend arbeitete er als freier Mitarbeiter der Jazzredaktion des WDR, K\u00f6ln und studierte Trompete bei &hellip; <a href=\"https:\/\/www.lauterbacher-musikschule.de\/?page_id=547\">Weiter<\/a><\/p>\n","protected":false},"author":1,"featured_media":0,"parent":32,"menu_order":0,"comment_status":"closed","ping_status":"closed","template":"","meta":{"kt_blocks_editor_width":"","footnotes":""},"class_list":["post-547","page","type-page","status-publish","hentry"],"_links":{"self":[{"href":"https:\/\/www.lauterbacher-musikschule.de\/index.php?rest_route=\/wp\/v2\/pages\/547","targetHints":{"allow":["GET"]}}],"collection":[{"href":"https:\/\/www.lauterbacher-musikschule.de\/index.php?rest_route=\/wp\/v2\/pages"}],"about":[{"href":"https:\/\/www.lauterbacher-musikschule.de\/index.php?rest_route=\/wp\/v2\/types\/page"}],"author":[{"embeddable":true,"href":"https:\/\/www.lauterbacher-musikschule.de\/index.php?rest_route=\/wp\/v2\/users\/1"}],"replies":[{"embeddable":true,"href":"https:\/\/www.lauterbacher-musikschule.de\/index.php?rest_route=%2Fwp%2Fv2%2Fcomments&post=547"}],"version-history":[{"count":3,"href":"https:\/\/www.lauterbacher-musikschule.de\/index.php?rest_route=\/wp\/v2\/pages\/547\/revisions"}],"predecessor-version":[{"id":932,"href":"https:\/\/www.lauterbacher-musikschule.de\/index.php?rest_route=\/wp\/v2\/pages\/547\/revisions\/932"}],"up":[{"embeddable":true,"href":"https:\/\/www.lauterbacher-musikschule.de\/index.php?rest_route=\/wp\/v2\/pages\/32"}],"wp:attachment":[{"href":"https:\/\/www.lauterbacher-musikschule.de\/index.php?rest_route=%2Fwp%2Fv2%2Fmedia&parent=547"}],"curies":[{"name":"wp","href":"https:\/\/api.w.org\/{rel}","templated":true}]}}