{"id":668,"date":"2017-05-24T11:18:32","date_gmt":"2017-05-24T09:18:32","guid":{"rendered":"http:\/\/www.lauterbacher-musikschule.de\/?page_id=668"},"modified":"2017-05-24T11:23:07","modified_gmt":"2017-05-24T09:23:07","slug":"elke-saller-2","status":"publish","type":"page","link":"https:\/\/www.lauterbacher-musikschule.de\/?page_id=668","title":{"rendered":"Elke Saller"},"content":{"rendered":"<p><img loading=\"lazy\" decoding=\"async\" class=\"size-medium wp-image-666 alignright\" src=\"http:\/\/www.lauterbacher-musikschule.de\/wp-content\/uploads\/2017\/05\/Elke-Saller-225x300.jpg\" alt=\"\" width=\"225\" height=\"300\" srcset=\"https:\/\/www.lauterbacher-musikschule.de\/wp-content\/uploads\/2017\/05\/Elke-Saller-225x300.jpg 225w, https:\/\/www.lauterbacher-musikschule.de\/wp-content\/uploads\/2017\/05\/Elke-Saller-768x1024.jpg 768w, https:\/\/www.lauterbacher-musikschule.de\/wp-content\/uploads\/2017\/05\/Elke-Saller.jpg 1920w\" sizes=\"auto, (max-width: 225px) 100vw, 225px\" \/><\/p>\n<p>Studium an der Akademie f\u00fcr Tonkunst in Darmstadt. Mitwirkung am Staatstheater Darmstadt und\u00a0 an der Opernb\u00fchne Frankfurt. Lehrt\u00e4tigkeit an der Hochschule f\u00fcr Musik und Darstellende Kunst, Hamburg, an der Musikschule Offenbach und an der Musikschule Alsfeld. Gr\u00fcndung einer eigenen Schlagzeugschule mit ganzheitlichem Schwerpunkt . Leitung der Sambagruppe \u201eSambAlegria\u201c aus Alsfeld.<\/p>\n<p>Mehrere Projekte und CD-Produktionen: u.a. mit dem Frankfurter Mutare-Ensemble; Kinderliedermachern Fredrik Vahle, Rolf Zuckowski\u00a0 und Beate Lambert, \u00a0 \u00a0 \u00a0 \u00a0 der Harfenistin Ute Steffan, der Popband Pink Moon, dem Duo TonSatz\u00a0 und \u00a0 \u00a0 \u00a0 \u201eFlex \u00e0 Ton\u201c \u2013 dem eigene Duo mit Musik zwischen Klassik, Jazz und Folklore&#8230; Rhythm\u2019n Melody \u2013 Minimal Ethno Soul.<\/p>\n<p>&nbsp;<\/p>\n<p><strong> \u00a0<a href=\"http:\/\/www.elke-amasora-saller.de\" target=\"_blank\" rel=\"noopener noreferrer\">www.elke-amasora-saller.de<\/a><\/strong>\u00a0 \u00a0 \u00a0 \u00a0 <strong><a href=\"http:\/\/www.flex-a-ton.de\" target=\"_blank\" rel=\"noopener noreferrer\">www.flex-a-ton.de<\/a><\/strong><\/p>\n","protected":false},"excerpt":{"rendered":"<p>Studium an der Akademie f\u00fcr Tonkunst in Darmstadt. Mitwirkung am Staatstheater Darmstadt und\u00a0 an der Opernb\u00fchne Frankfurt. Lehrt\u00e4tigkeit an der Hochschule f\u00fcr Musik und Darstellende Kunst, Hamburg, an der Musikschule Offenbach und an der Musikschule Alsfeld. Gr\u00fcndung einer eigenen Schlagzeugschule &hellip; <a href=\"https:\/\/www.lauterbacher-musikschule.de\/?page_id=668\">Weiter<\/a><\/p>\n","protected":false},"author":1,"featured_media":0,"parent":32,"menu_order":0,"comment_status":"closed","ping_status":"closed","template":"","meta":{"kt_blocks_editor_width":"","footnotes":""},"class_list":["post-668","page","type-page","status-publish","hentry"],"_links":{"self":[{"href":"https:\/\/www.lauterbacher-musikschule.de\/index.php?rest_route=\/wp\/v2\/pages\/668","targetHints":{"allow":["GET"]}}],"collection":[{"href":"https:\/\/www.lauterbacher-musikschule.de\/index.php?rest_route=\/wp\/v2\/pages"}],"about":[{"href":"https:\/\/www.lauterbacher-musikschule.de\/index.php?rest_route=\/wp\/v2\/types\/page"}],"author":[{"embeddable":true,"href":"https:\/\/www.lauterbacher-musikschule.de\/index.php?rest_route=\/wp\/v2\/users\/1"}],"replies":[{"embeddable":true,"href":"https:\/\/www.lauterbacher-musikschule.de\/index.php?rest_route=%2Fwp%2Fv2%2Fcomments&post=668"}],"version-history":[{"count":4,"href":"https:\/\/www.lauterbacher-musikschule.de\/index.php?rest_route=\/wp\/v2\/pages\/668\/revisions"}],"predecessor-version":[{"id":673,"href":"https:\/\/www.lauterbacher-musikschule.de\/index.php?rest_route=\/wp\/v2\/pages\/668\/revisions\/673"}],"up":[{"embeddable":true,"href":"https:\/\/www.lauterbacher-musikschule.de\/index.php?rest_route=\/wp\/v2\/pages\/32"}],"wp:attachment":[{"href":"https:\/\/www.lauterbacher-musikschule.de\/index.php?rest_route=%2Fwp%2Fv2%2Fmedia&parent=668"}],"curies":[{"name":"wp","href":"https:\/\/api.w.org\/{rel}","templated":true}]}}