{"id":936,"date":"2018-02-28T19:13:50","date_gmt":"2018-02-28T18:13:50","guid":{"rendered":"http:\/\/www.lauterbacher-musikschule.de\/?page_id=936"},"modified":"2019-09-03T18:57:58","modified_gmt":"2019-09-03T16:57:58","slug":"schulleitung","status":"publish","type":"page","link":"https:\/\/www.lauterbacher-musikschule.de\/?page_id=936","title":{"rendered":"Schulleitung"},"content":{"rendered":"<p>Schulleiter: <strong>Klaus Scheuer<\/strong><\/p>\n<p>stellvertretende Schulleiterin: <strong>Annette Schulz<\/strong><\/p>\n<p>\u00a0<\/p>\n<p>Das Musikschulb\u00fcro ist regelm\u00e4\u00dfig w\u00e4hrend der Unterrichtszeiten besetzt.<\/p>\n<p>Sprechzeiten:<br \/><strong>Montag von 8 bis 10 Uhr und von 16 bis 18 Uhr<br \/>Dienstag von 8 bis 12 Uhr<\/strong><\/p>\n<p>Telefon: <strong>06641-1866206<\/strong><\/p>\n<p>mobil:\u00a0<strong>01520-2582345 (Bitte ausschlie\u00dflich f\u00fcr WhatsApp-Nachrichten nutzen.)<\/strong><\/p>\n\n\n<p><\/p>\n","protected":false},"excerpt":{"rendered":"<p>Schulleiter: Klaus Scheuer stellvertretende Schulleiterin: Annette Schulz \u00a0 Das Musikschulb\u00fcro ist regelm\u00e4\u00dfig w\u00e4hrend der Unterrichtszeiten besetzt. Sprechzeiten:Montag von 8 bis 10 Uhr und von 16 bis 18 UhrDienstag von 8 bis 12 Uhr Telefon: 06641-1866206 mobil:\u00a001520-2582345 (Bitte ausschlie\u00dflich f\u00fcr WhatsApp-Nachrichten &hellip; <a href=\"https:\/\/www.lauterbacher-musikschule.de\/?page_id=936\">Weiter<\/a><\/p>\n","protected":false},"author":1,"featured_media":0,"parent":0,"menu_order":0,"comment_status":"closed","ping_status":"closed","template":"","meta":{"kt_blocks_editor_width":"","footnotes":""},"class_list":["post-936","page","type-page","status-publish","hentry"],"_links":{"self":[{"href":"https:\/\/www.lauterbacher-musikschule.de\/index.php?rest_route=\/wp\/v2\/pages\/936","targetHints":{"allow":["GET"]}}],"collection":[{"href":"https:\/\/www.lauterbacher-musikschule.de\/index.php?rest_route=\/wp\/v2\/pages"}],"about":[{"href":"https:\/\/www.lauterbacher-musikschule.de\/index.php?rest_route=\/wp\/v2\/types\/page"}],"author":[{"embeddable":true,"href":"https:\/\/www.lauterbacher-musikschule.de\/index.php?rest_route=\/wp\/v2\/users\/1"}],"replies":[{"embeddable":true,"href":"https:\/\/www.lauterbacher-musikschule.de\/index.php?rest_route=%2Fwp%2Fv2%2Fcomments&post=936"}],"version-history":[{"count":4,"href":"https:\/\/www.lauterbacher-musikschule.de\/index.php?rest_route=\/wp\/v2\/pages\/936\/revisions"}],"predecessor-version":[{"id":1914,"href":"https:\/\/www.lauterbacher-musikschule.de\/index.php?rest_route=\/wp\/v2\/pages\/936\/revisions\/1914"}],"wp:attachment":[{"href":"https:\/\/www.lauterbacher-musikschule.de\/index.php?rest_route=%2Fwp%2Fv2%2Fmedia&parent=936"}],"curies":[{"name":"wp","href":"https:\/\/api.w.org\/{rel}","templated":true}]}}